{"id":206,"date":"2026-01-12T10:31:33","date_gmt":"2026-01-12T09:31:33","guid":{"rendered":"https:\/\/dhyan.shop\/?page_id=206"},"modified":"2026-03-02T12:02:31","modified_gmt":"2026-03-02T11:02:31","slug":"dostava-i-rokovi","status":"publish","type":"page","link":"https:\/\/dhyan.shop\/en\/dostava-i-rokovi\/","title":{"rendered":"Delivery and deadlines"},"content":{"rendered":"<p><\/p>\n\n\n\n<p class=\"has-medium-font-size\"><strong>Delivery and delivery times<\/strong><\/p>\n\n\n\n<p><\/p>\n\n\n\n<p>After receiving the order, the products are carefully packaged and shipped as soon as possible.<br>Orders received on a business day are typically processed within 1\u20132 business days.<\/p>\n\n\n\n<p><\/p>\n\n\n\n<p class=\"has-medium-font-size\"><strong>Delivery within Croatia<\/strong><\/p>\n\n\n\n<p><br>We offer customers multiple delivery options so they can choose the one that suits them best:<\/p>\n\n\n\n<p><\/p>\n\n\n\n<p><strong>Box Now parcel machine \u2013 \u20ac2.99<br><\/strong>Delivery to the parcel locker is available 24 hours a day. After delivery, you can pick up the package at a time that suits you.<\/p>\n\n\n\n<p><br><strong>Croatian Post \u2013 \u20ac4.49<br><\/strong>Standard delivery to your home address or post office.<\/p>\n\n\n\n<p><br><strong>GLS \u2013 \u20ac5.99<br><\/strong>Fast and reliable delivery to your address or GLS package shop.<\/p>\n\n\n\n<p><br><strong>Delivery time within Croatia:<br><\/strong>usually 1\u20133 business days from the time the package is shipped, depending on the delivery service chosen.<\/p>\n\n\n\n<p><\/p>\n\n\n\n<p><strong>Delivery within the European Union<br><\/strong>We use GLS for delivery to European Union countries.<br>Shipping price: \u20ac13.99<\/p>\n\n\n\n<p><br><strong>Delivery time within the EU:<br><\/strong>usually 3\u20137 business days, depending on the recipient&#039;s country.<\/p>\n\n\n\n<p><\/p>\n\n\n\n<p><strong>Additional information<br><\/strong>  Delivery is not made on weekends and holidays.<br>  After the package is sent, the customer can receive tracking information.<br>  In case of unforeseen delays (weather conditions, holidays), we ask for your understanding.<\/p>\n\n\n\n<p><br>If you have any additional questions regarding delivery, please feel free to contact us - we will be happy to help.<\/p>","protected":false},"excerpt":{"rendered":"<p>Dostava i rokovi isporuke Nakon zaprimanja narud\u017ebe, proizvodi se pa\u017eljivo pakiraju i \u0161alju u najkra\u0107em mogu\u0107em roku.Narud\u017ebe zaprimljene radnim danom [&hellip;]<\/p>\n","protected":false},"author":1,"featured_media":0,"parent":0,"menu_order":0,"comment_status":"closed","ping_status":"closed","template":"","meta":{"site-sidebar-layout":"default","site-content-layout":"","ast-site-content-layout":"default","site-content-style":"default","site-sidebar-style":"default","ast-global-header-display":"","ast-banner-title-visibility":"","ast-main-header-display":"","ast-hfb-above-header-display":"","ast-hfb-below-header-display":"","ast-hfb-mobile-header-display":"","site-post-title":"","ast-breadcrumbs-content":"","ast-featured-img":"","footer-sml-layout":"","ast-disable-related-posts":"","theme-transparent-header-meta":"","adv-header-id-meta":"","stick-header-meta":"","header-above-stick-meta":"","header-main-stick-meta":"","header-below-stick-meta":"","astra-migrate-meta-layouts":"default","ast-page-background-enabled":"default","ast-page-background-meta":{"desktop":{"background-color":"var(--ast-global-color-5)","background-image":"","background-repeat":"repeat","background-position":"center center","background-size":"auto","background-attachment":"scroll","background-type":"","background-media":"","overlay-type":"","overlay-color":"","overlay-opacity":"","overlay-gradient":""},"tablet":{"background-color":"","background-image":"","background-repeat":"repeat","background-position":"center center","background-size":"auto","background-attachment":"scroll","background-type":"","background-media":"","overlay-type":"","overlay-color":"","overlay-opacity":"","overlay-gradient":""},"mobile":{"background-color":"","background-image":"","background-repeat":"repeat","background-position":"center center","background-size":"auto","background-attachment":"scroll","background-type":"","background-media":"","overlay-type":"","overlay-color":"","overlay-opacity":"","overlay-gradient":""}},"ast-content-background-meta":{"desktop":{"background-color":"var(--ast-global-color-4)","background-image":"","background-repeat":"repeat","background-position":"center center","background-size":"auto","background-attachment":"scroll","background-type":"","background-media":"","overlay-type":"","overlay-color":"","overlay-opacity":"","overlay-gradient":""},"tablet":{"background-color":"var(--ast-global-color-4)","background-image":"","background-repeat":"repeat","background-position":"center center","background-size":"auto","background-attachment":"scroll","background-type":"","background-media":"","overlay-type":"","overlay-color":"","overlay-opacity":"","overlay-gradient":""},"mobile":{"background-color":"var(--ast-global-color-4)","background-image":"","background-repeat":"repeat","background-position":"center center","background-size":"auto","background-attachment":"scroll","background-type":"","background-media":"","overlay-type":"","overlay-color":"","overlay-opacity":"","overlay-gradient":""}},"footnotes":""},"class_list":["post-206","page","type-page","status-publish","hentry"],"_links":{"self":[{"href":"https:\/\/dhyan.shop\/en\/wp-json\/wp\/v2\/pages\/206","targetHints":{"allow":["GET"]}}],"collection":[{"href":"https:\/\/dhyan.shop\/en\/wp-json\/wp\/v2\/pages"}],"about":[{"href":"https:\/\/dhyan.shop\/en\/wp-json\/wp\/v2\/types\/page"}],"author":[{"embeddable":true,"href":"https:\/\/dhyan.shop\/en\/wp-json\/wp\/v2\/users\/1"}],"replies":[{"embeddable":true,"href":"https:\/\/dhyan.shop\/en\/wp-json\/wp\/v2\/comments?post=206"}],"version-history":[{"count":2,"href":"https:\/\/dhyan.shop\/en\/wp-json\/wp\/v2\/pages\/206\/revisions"}],"predecessor-version":[{"id":520,"href":"https:\/\/dhyan.shop\/en\/wp-json\/wp\/v2\/pages\/206\/revisions\/520"}],"wp:attachment":[{"href":"https:\/\/dhyan.shop\/en\/wp-json\/wp\/v2\/media?parent=206"}],"curies":[{"name":"wp","href":"https:\/\/api.w.org\/{rel}","templated":true}]}}