{"id":80,"date":"2026-01-03T14:51:04","date_gmt":"2026-01-03T13:51:04","guid":{"rendered":"https:\/\/dhyan.shop\/?page_id=80"},"modified":"2026-03-02T12:31:27","modified_gmt":"2026-03-02T11:31:27","slug":"politika-privatnosti","status":"publish","type":"page","link":"https:\/\/dhyan.shop\/en\/politika-privatnosti\/","title":{"rendered":"Privacy Policy"},"content":{"rendered":"<p><br>With this Privacy Policy, DHYAN, a trade craft, owned by Slaven Dik\u0161i\u0107 (hereinafter referred to as the Controller) explains how it collects, uses and protects users&#039; personal data in accordance with the General Data Protection Regulation (GDPR).<br><\/p>\n\n\n\n<h2 class=\"wp-block-heading\">Data processing manager:<\/h2>\n\n\n\n<p>DHYAN, trade craft<br>Owner: Slaven Dik\u0161i\u0107<br>Headquarters: Pitoma\u010da, Croatia<br>Email: info@dhyan.shop<br><\/p>\n\n\n\n<h2 class=\"wp-block-heading\">What data do we collect:<\/h2>\n\n\n\n<p>We only collect personal data necessary to process orders and communicate with users, such as name and surname, address, e-mail address and telephone number.<br><\/p>\n\n\n\n<h2 class=\"wp-block-heading\">Purpose of processing:<\/h2>\n\n\n\n<p>Personal data is used exclusively for the purpose of processing orders, delivering products, communicating with customers and fulfilling legal obligations.<br>Data storage and protection:<br>The data is stored in accordance with the applicable regulations of the Republic of Croatia and the European Union and is protected by appropriate technical and organizational measures.<br><\/p>\n\n\n\n<h2 class=\"wp-block-heading\">User rights:<\/h2>\n\n\n\n<p>Users have the right to access their personal data, the right to correct or delete data, the right to restrict processing, and the right to object.<br>For all questions related to the protection of personal data, you can contact us via e-mail: info@dhyan.shop.<\/p>\n\n\n\n<p><strong>Recipients of personal data<\/strong><\/p>\n\n\n\n<p>In order to fulfill the order and provide services, customers&#039; personal data may be forwarded to third parties involved in the processing, including:<\/p>\n\n\n\n<p>\u2013 online payment service provider (Stripe)<br>\u2013 delivery services (GLS, Hrvatska po\u0161ta, Box Now)<br>\u2013 website hosting and technical support provider<\/p>\n\n\n\n<p>The aforementioned entities process data solely for the purpose of executing the contract and in accordance with applicable regulations on the protection of personal data.<\/p>\n\n\n\n<p><strong>Data retention period<\/strong><\/p>\n\n\n\n<p>Personal data is kept for as long as necessary to execute the contract and fulfill legal obligations, and no longer than in accordance with the accounting and tax regulations of the Republic of Croatia.<\/p>\n\n\n\n<p><strong>Right to complain to the supervisory authority<\/strong><\/p>\n\n\n\n<p>If you believe that your personal data has been breached, you have the right to file a complaint with the Personal Data Protection Agency (AZOP).<\/p>","protected":false},"excerpt":{"rendered":"<p>Ovom Politikom privatnosti obrt DHYAN, obrt za trgovinu, vl. Slaven Dik\u0161i\u0107 (u daljnjem tekstu: Voditelj obrade) obja\u0161njava kako prikuplja, koristi [&hellip;]<\/p>\n","protected":false},"author":1,"featured_media":0,"parent":0,"menu_order":0,"comment_status":"closed","ping_status":"closed","template":"","meta":{"site-sidebar-layout":"default","site-content-layout":"","ast-site-content-layout":"default","site-content-style":"default","site-sidebar-style":"default","ast-global-header-display":"","ast-banner-title-visibility":"","ast-main-header-display":"","ast-hfb-above-header-display":"","ast-hfb-below-header-display":"","ast-hfb-mobile-header-display":"","site-post-title":"","ast-breadcrumbs-content":"","ast-featured-img":"","footer-sml-layout":"","ast-disable-related-posts":"","theme-transparent-header-meta":"","adv-header-id-meta":"","stick-header-meta":"","header-above-stick-meta":"","header-main-stick-meta":"","header-below-stick-meta":"","astra-migrate-meta-layouts":"default","ast-page-background-enabled":"default","ast-page-background-meta":{"desktop":{"background-color":"var(--ast-global-color-5)","background-image":"","background-repeat":"repeat","background-position":"center center","background-size":"auto","background-attachment":"scroll","background-type":"","background-media":"","overlay-type":"","overlay-color":"","overlay-opacity":"","overlay-gradient":""},"tablet":{"background-color":"","background-image":"","background-repeat":"repeat","background-position":"center center","background-size":"auto","background-attachment":"scroll","background-type":"","background-media":"","overlay-type":"","overlay-color":"","overlay-opacity":"","overlay-gradient":""},"mobile":{"background-color":"","background-image":"","background-repeat":"repeat","background-position":"center center","background-size":"auto","background-attachment":"scroll","background-type":"","background-media":"","overlay-type":"","overlay-color":"","overlay-opacity":"","overlay-gradient":""}},"ast-content-background-meta":{"desktop":{"background-color":"var(--ast-global-color-4)","background-image":"","background-repeat":"repeat","background-position":"center center","background-size":"auto","background-attachment":"scroll","background-type":"","background-media":"","overlay-type":"","overlay-color":"","overlay-opacity":"","overlay-gradient":""},"tablet":{"background-color":"var(--ast-global-color-4)","background-image":"","background-repeat":"repeat","background-position":"center center","background-size":"auto","background-attachment":"scroll","background-type":"","background-media":"","overlay-type":"","overlay-color":"","overlay-opacity":"","overlay-gradient":""},"mobile":{"background-color":"var(--ast-global-color-4)","background-image":"","background-repeat":"repeat","background-position":"center center","background-size":"auto","background-attachment":"scroll","background-type":"","background-media":"","overlay-type":"","overlay-color":"","overlay-opacity":"","overlay-gradient":""}},"footnotes":""},"class_list":["post-80","page","type-page","status-publish","hentry"],"_links":{"self":[{"href":"https:\/\/dhyan.shop\/en\/wp-json\/wp\/v2\/pages\/80","targetHints":{"allow":["GET"]}}],"collection":[{"href":"https:\/\/dhyan.shop\/en\/wp-json\/wp\/v2\/pages"}],"about":[{"href":"https:\/\/dhyan.shop\/en\/wp-json\/wp\/v2\/types\/page"}],"author":[{"embeddable":true,"href":"https:\/\/dhyan.shop\/en\/wp-json\/wp\/v2\/users\/1"}],"replies":[{"embeddable":true,"href":"https:\/\/dhyan.shop\/en\/wp-json\/wp\/v2\/comments?post=80"}],"version-history":[{"count":4,"href":"https:\/\/dhyan.shop\/en\/wp-json\/wp\/v2\/pages\/80\/revisions"}],"predecessor-version":[{"id":525,"href":"https:\/\/dhyan.shop\/en\/wp-json\/wp\/v2\/pages\/80\/revisions\/525"}],"wp:attachment":[{"href":"https:\/\/dhyan.shop\/en\/wp-json\/wp\/v2\/media?parent=80"}],"curies":[{"name":"wp","href":"https:\/\/api.w.org\/{rel}","templated":true}]}}