{"id":218,"date":"2026-01-13T10:20:49","date_gmt":"2026-01-13T09:20:49","guid":{"rendered":"https:\/\/dhyan.shop\/?post_type=product&#038;p=218"},"modified":"2026-04-10T20:17:04","modified_gmt":"2026-04-10T18:17:04","slug":"panchamukhi-rudraksha-mala-pet-lica-7-mm","status":"publish","type":"product","link":"https:\/\/dhyan.shop\/en\/product\/panchamukhi-rudraksha-mala-pet-lica-7-mm\/","title":{"rendered":"Panchamukhi Rudraksha mala (five faces) \u2013 7 mm"},"content":{"rendered":"<p>Panchamukhi Rudraksha mala sastoji se od rudrak\u0161i s pet prirodnih lica, koje se tradicionalno koriste u jogijskoj i meditativnoj praksi. Ova verzija s perlama promjera oko 7 mm djeluje robusnije i izra\u017eenije u odnosu na manje dimenzije, dok zadr\u017eava istu simboliku i namjenu.<\/p>\n<p>Rudraksha se nosi kao mala ili ogrlica te se \u010desto koristi kao osobni duhovni predmet. Smatra se da Panchamukhi rudrak\u0161a pru\u017ea podr\u0161ku tjelesnoj i mentalnoj ravnote\u017ei te doprinosi stabilnosti i usmjerenosti. Ne zahtijeva posebne rituale niti stroga pravila, zbog \u010dega je prikladna za svakodnevno no\u0161enje.<\/p>\n<p>Technical information<br \/>\nPromjer perli: oko 7 mm<br \/>\nDuljina male: pribli\u017eno 33 \u2013 39 cm<br \/>\nBroj perli: varira ovisno o prirodnoj veli\u010dini sjemenki<br \/>\nMaterial: natural rudraksha<br \/>\nAge recommendation: for people over 14 years old<\/p>\n<p>How to wear<br \/>\nRudraksha mala can be worn around the neck or used during meditation. It can be tied with cotton or silk thread or worn on a metal chain, such as silver, copper or gold.<\/p>\n<p>Maintenance<br \/>\nIn order to preserve the natural quality of the rudraksha, special maintenance is recommended every six months:<br \/>\nSoak the rudraksha in clarified ghee for 24 hours<br \/>\nAfter that, without rinsing, soak it in whole milk for an additional 24 hours.<br \/>\nWhen finished, gently wipe and leave to dry naturally.<br \/>\nAvoid prolonged exposure to water, chemicals and perfumes beyond the recommended maintenance procedure.<\/p>\n<p>Product source: Isha Life.<\/p>\n<p>Na\u0161e Rudrakshe dolaze iz provjerenog izvora i pa\u017eljivo su odabrane.<\/p>\n<p>\u017delite saznati vi\u0161e o Rudrakshi i kako je pravilno nositi i odr\u017eavati?<\/p>\n<p>\ud83d\udc49 <a href=\"https:\/\/dhyan.shop\/en\/rudraksha-drevni-simbol-ravnoteze-i-unutarnje-energije\/\">Pro\u010ditajte na\u0161 vodi\u010d o Rudrakshi<\/a><\/p>\n<p>&nbsp;<\/p>","protected":false},"excerpt":{"rendered":"<p>Panchamukhi Rudraksha mala izra\u0111ena od prirodnih sjemenki rudrak\u0161e promjera oko 7 mm.<br \/>\nIt is traditionally used to support meditation, inner balance, and daily spiritual practice.<br \/>\nSuitable for everyday wear, without strict rules or restrictions.<\/p>","protected":false},"featured_media":397,"comment_status":"open","ping_status":"closed","template":"","meta":{"site-sidebar-layout":"default","site-content-layout":"","ast-site-content-layout":"default","site-content-style":"default","site-sidebar-style":"default","ast-global-header-display":"","ast-banner-title-visibility":"","ast-main-header-display":"","ast-hfb-above-header-display":"","ast-hfb-below-header-display":"","ast-hfb-mobile-header-display":"","site-post-title":"","ast-breadcrumbs-content":"","ast-featured-img":"","footer-sml-layout":"","ast-disable-related-posts":"","theme-transparent-header-meta":"default","adv-header-id-meta":"","stick-header-meta":"","header-above-stick-meta":"","header-main-stick-meta":"","header-below-stick-meta":"","astra-migrate-meta-layouts":"set","ast-page-background-enabled":"default","ast-page-background-meta":{"desktop":{"background-color":"var(--ast-global-color-5)","background-image":"","background-repeat":"repeat","background-position":"center center","background-size":"auto","background-attachment":"scroll","background-type":"","background-media":"","overlay-type":"","overlay-color":"","overlay-opacity":"","overlay-gradient":""},"tablet":{"background-color":"","background-image":"","background-repeat":"repeat","background-position":"center center","background-size":"auto","background-attachment":"scroll","background-type":"","background-media":"","overlay-type":"","overlay-color":"","overlay-opacity":"","overlay-gradient":""},"mobile":{"background-color":"","background-image":"","background-repeat":"repeat","background-position":"center center","background-size":"auto","background-attachment":"scroll","background-type":"","background-media":"","overlay-type":"","overlay-color":"","overlay-opacity":"","overlay-gradient":""}},"ast-content-background-meta":{"desktop":{"background-color":"var(--ast-global-color-4)","background-image":"","background-repeat":"repeat","background-position":"center center","background-size":"auto","background-attachment":"scroll","background-type":"","background-media":"","overlay-type":"","overlay-color":"","overlay-opacity":"","overlay-gradient":""},"tablet":{"background-color":"var(--ast-global-color-4)","background-image":"","background-repeat":"repeat","background-position":"center center","background-size":"auto","background-attachment":"scroll","background-type":"","background-media":"","overlay-type":"","overlay-color":"","overlay-opacity":"","overlay-gradient":""},"mobile":{"background-color":"var(--ast-global-color-4)","background-image":"","background-repeat":"repeat","background-position":"center center","background-size":"auto","background-attachment":"scroll","background-type":"","background-media":"","overlay-type":"","overlay-color":"","overlay-opacity":"","overlay-gradient":""}}},"product_brand":[29],"product_cat":[20],"product_tag":[100,101],"class_list":{"0":"post-218","1":"product","2":"type-product","3":"status-publish","4":"has-post-thumbnail","6":"product_brand-isha","7":"product_cat-rudraksha","8":"product_tag-panchamukhi","9":"product_tag-rudraksha-mala","10":"desktop-align-left","11":"tablet-align-left","12":"mobile-align-left","14":"first","15":"instock","16":"shipping-taxable","17":"purchasable","18":"product-type-simple"},"_links":{"self":[{"href":"https:\/\/dhyan.shop\/en\/wp-json\/wp\/v2\/product\/218","targetHints":{"allow":["GET"]}}],"collection":[{"href":"https:\/\/dhyan.shop\/en\/wp-json\/wp\/v2\/product"}],"about":[{"href":"https:\/\/dhyan.shop\/en\/wp-json\/wp\/v2\/types\/product"}],"replies":[{"embeddable":true,"href":"https:\/\/dhyan.shop\/en\/wp-json\/wp\/v2\/comments?post=218"}],"wp:featuredmedia":[{"embeddable":true,"href":"https:\/\/dhyan.shop\/en\/wp-json\/wp\/v2\/media\/397"}],"wp:attachment":[{"href":"https:\/\/dhyan.shop\/en\/wp-json\/wp\/v2\/media?parent=218"}],"wp:term":[{"taxonomy":"product_brand","embeddable":true,"href":"https:\/\/dhyan.shop\/en\/wp-json\/wp\/v2\/product_brand?post=218"},{"taxonomy":"product_cat","embeddable":true,"href":"https:\/\/dhyan.shop\/en\/wp-json\/wp\/v2\/product_cat?post=218"},{"taxonomy":"product_tag","embeddable":true,"href":"https:\/\/dhyan.shop\/en\/wp-json\/wp\/v2\/product_tag?post=218"}],"curies":[{"name":"wp","href":"https:\/\/api.w.org\/{rel}","templated":true}]}}