{"id":281,"date":"2026-01-15T14:57:02","date_gmt":"2026-01-15T13:57:02","guid":{"rendered":"https:\/\/dhyan.shop\/?post_type=product&#038;p=281"},"modified":"2026-04-14T20:07:33","modified_gmt":"2026-04-14T18:07:33","slug":"shiva-lingam-kamen-prirodni-kamen-1-kom","status":"publish","type":"product","link":"https:\/\/dhyan.shop\/en\/product\/shiva-lingam-kamen-prirodni-kamen-1-kom\/","title":{"rendered":"Shiva Lingam \u2013 natural stone (1 pc)"},"content":{"rendered":"<p>Shiva Lingam je prirodni kamen koji je tradicionalno povezan s podru\u010djem rijeke Narmada u Indiji, jednim od kulturno i povijesno zna\u010dajnih podru\u010dja regije. Kamenje se prirodno oblikuje djelovanjem vode, pri \u010demu poprima karakteristi\u010dan ovalni oblik, a zatim se ru\u010dno polira kako bi se naglasila njegova prirodna struktura i uzorci.<\/p>\n<p>Svaki Shiva Lingam kamen je jedinstven \u2013 razlikuje se po boji, oznakama i nijansama, \u0161to ga \u010dini posebnim prirodnim primjerkom. U tradicionalnom kontekstu, ovaj kamen se povezuje sa simbolikom ravnote\u017ee, cjelovitosti i jedinstva suprotnosti.<\/p>\n<p>Zbog svog prirodnog izgleda i povijesnog zna\u010denja, Shiva Lingam kamen \u010desto se koristi kao dekorativni ili meditativni element u mirnim prostorima doma ili osobne prakse.<\/p>\n<p>Dimenzije i te\u017eina (pribli\u017eno)<br \/>\nDuljina: 8 cm<br \/>\n\u0160irina: 4,5 cm<br \/>\nTe\u017eina: cca 103 g<\/p>","protected":false},"excerpt":{"rendered":"<p>Prirodni Shiva Lingam kamen, tradicionalno povezan s podru\u010djem rijeke Narmada u Indiji. Svaki komad je jedinstven i ru\u010dno poliran.<\/p>","protected":false},"featured_media":383,"comment_status":"open","ping_status":"closed","template":"","meta":{"site-sidebar-layout":"default","site-content-layout":"","ast-site-content-layout":"default","site-content-style":"default","site-sidebar-style":"default","ast-global-header-display":"","ast-banner-title-visibility":"","ast-main-header-display":"","ast-hfb-above-header-display":"","ast-hfb-below-header-display":"","ast-hfb-mobile-header-display":"","site-post-title":"","ast-breadcrumbs-content":"","ast-featured-img":"","footer-sml-layout":"","ast-disable-related-posts":"","theme-transparent-header-meta":"default","adv-header-id-meta":"","stick-header-meta":"","header-above-stick-meta":"","header-main-stick-meta":"","header-below-stick-meta":"","astra-migrate-meta-layouts":"set","ast-page-background-enabled":"default","ast-page-background-meta":{"desktop":{"background-color":"var(--ast-global-color-5)","background-image":"","background-repeat":"repeat","background-position":"center center","background-size":"auto","background-attachment":"scroll","background-type":"","background-media":"","overlay-type":"","overlay-color":"","overlay-opacity":"","overlay-gradient":""},"tablet":{"background-color":"","background-image":"","background-repeat":"repeat","background-position":"center center","background-size":"auto","background-attachment":"scroll","background-type":"","background-media":"","overlay-type":"","overlay-color":"","overlay-opacity":"","overlay-gradient":""},"mobile":{"background-color":"","background-image":"","background-repeat":"repeat","background-position":"center center","background-size":"auto","background-attachment":"scroll","background-type":"","background-media":"","overlay-type":"","overlay-color":"","overlay-opacity":"","overlay-gradient":""}},"ast-content-background-meta":{"desktop":{"background-color":"var(--ast-global-color-4)","background-image":"","background-repeat":"repeat","background-position":"center center","background-size":"auto","background-attachment":"scroll","background-type":"","background-media":"","overlay-type":"","overlay-color":"","overlay-opacity":"","overlay-gradient":""},"tablet":{"background-color":"var(--ast-global-color-4)","background-image":"","background-repeat":"repeat","background-position":"center center","background-size":"auto","background-attachment":"scroll","background-type":"","background-media":"","overlay-type":"","overlay-color":"","overlay-opacity":"","overlay-gradient":""},"mobile":{"background-color":"var(--ast-global-color-4)","background-image":"","background-repeat":"repeat","background-position":"center center","background-size":"auto","background-attachment":"scroll","background-type":"","background-media":"","overlay-type":"","overlay-color":"","overlay-opacity":"","overlay-gradient":""}}},"product_brand":[],"product_cat":[25],"product_tag":[],"class_list":{"0":"post-281","1":"product","2":"type-product","3":"status-publish","4":"has-post-thumbnail","6":"product_cat-duhovni-predmeti","7":"desktop-align-left","8":"tablet-align-left","9":"mobile-align-left","11":"first","12":"instock","13":"shipping-taxable","14":"purchasable","15":"product-type-simple"},"_links":{"self":[{"href":"https:\/\/dhyan.shop\/en\/wp-json\/wp\/v2\/product\/281","targetHints":{"allow":["GET"]}}],"collection":[{"href":"https:\/\/dhyan.shop\/en\/wp-json\/wp\/v2\/product"}],"about":[{"href":"https:\/\/dhyan.shop\/en\/wp-json\/wp\/v2\/types\/product"}],"replies":[{"embeddable":true,"href":"https:\/\/dhyan.shop\/en\/wp-json\/wp\/v2\/comments?post=281"}],"wp:featuredmedia":[{"embeddable":true,"href":"https:\/\/dhyan.shop\/en\/wp-json\/wp\/v2\/media\/383"}],"wp:attachment":[{"href":"https:\/\/dhyan.shop\/en\/wp-json\/wp\/v2\/media?parent=281"}],"wp:term":[{"taxonomy":"product_brand","embeddable":true,"href":"https:\/\/dhyan.shop\/en\/wp-json\/wp\/v2\/product_brand?post=281"},{"taxonomy":"product_cat","embeddable":true,"href":"https:\/\/dhyan.shop\/en\/wp-json\/wp\/v2\/product_cat?post=281"},{"taxonomy":"product_tag","embeddable":true,"href":"https:\/\/dhyan.shop\/en\/wp-json\/wp\/v2\/product_tag?post=281"}],"curies":[{"name":"wp","href":"https:\/\/api.w.org\/{rel}","templated":true}]}}