{"id":511,"date":"2026-02-25T13:32:03","date_gmt":"2026-02-25T12:32:03","guid":{"rendered":"https:\/\/dhyan.shop\/?post_type=product&#038;p=511"},"modified":"2026-03-21T11:02:23","modified_gmt":"2026-03-21T10:02:23","slug":"kurkuma-2500-mg-60-tableta-dodatak-prehrani","status":"publish","type":"product","link":"https:\/\/dhyan.shop\/en\/product\/kurkuma-2500-mg-60-tableta-dodatak-prehrani\/","title":{"rendered":"Turmeric 2500 mg 60 tablets - dietary supplement"},"content":{"rendered":"<p>\u0160to je Kurkuma 2500 mg \u2013 60 tableta?<br \/>\nKurkuma 2500 mg dodatak je prehrani u obliku tableta koji sadr\u017ei koncentrirani ekstrakt kurkume (Curcuma longa), standardiziran na 95 % kurkuminoida. Svaka dnevna porcija pru\u017ea ekvivalent 5000 mg kurkume iz sirovog korijena.<br \/>\nKurkuma je stolje\u0107ima cijenjena u tradicionalnim sustavima prehrane i ayurvedskoj praksi kao dio uravnote\u017eenog na\u010dina \u017eivota.<br \/>\nPakiranje sadr\u017ei 60 tableta, \u0161to odgovara 30 porcija.<\/p>\n<p>Composition<br \/>\nAktivna tvar po dnevnoj porciji (2 tablete):<br \/>\nEkstrakt kurkume 50:1 \u2013 100 mg<br \/>\n(ekvivalent 5000 mg kurkume)<br \/>\nod \u010dega kurkuminoidi \u2013 95 mg<br \/>\nPomo\u0107ne tvari:<br \/>\nmikrokristalna celuloza, dikalcij-fosfat, magnezijev stearat.<br \/>\nAllergen-free.<br \/>\nSuitable for vegans.<\/p>\n<p>Recommended daily amount<br \/>\nPreporu\u010dena dnevna koli\u010dina: 2 tablete.<br \/>\nThe recommended daily dose should not be exceeded.<\/p>\n<p>Notes<br \/>\nA dietary supplement is not a substitute for a varied and balanced diet and a healthy lifestyle.<br \/>\nIt is not recommended for pregnant women, nursing mothers and people undergoing therapy without consulting a doctor.<br \/>\nIn case of side effects, discontinue use and consult a doctor.<br \/>\nKeep out of reach of children.<br \/>\nStore in a dry and cool place.<\/p>","protected":false},"excerpt":{"rendered":"<p>Kurkuma 2500 mg u tabletama sadr\u017ei standardizirani ekstrakt kurkume (95 % kurkuminoida). Jednostavna dnevna podr\u0161ka za uravnote\u017eenu prehranu i svjestan na\u010din \u017eivota.<\/p>","protected":false},"featured_media":532,"comment_status":"open","ping_status":"closed","template":"","meta":{"site-sidebar-layout":"default","site-content-layout":"","ast-site-content-layout":"default","site-content-style":"default","site-sidebar-style":"default","ast-global-header-display":"","ast-banner-title-visibility":"","ast-main-header-display":"","ast-hfb-above-header-display":"","ast-hfb-below-header-display":"","ast-hfb-mobile-header-display":"","site-post-title":"","ast-breadcrumbs-content":"","ast-featured-img":"","footer-sml-layout":"","ast-disable-related-posts":"","theme-transparent-header-meta":"default","adv-header-id-meta":"","stick-header-meta":"","header-above-stick-meta":"","header-main-stick-meta":"","header-below-stick-meta":"","astra-migrate-meta-layouts":"set","ast-page-background-enabled":"default","ast-page-background-meta":{"desktop":{"background-color":"var(--ast-global-color-5)","background-image":"","background-repeat":"repeat","background-position":"center center","background-size":"auto","background-attachment":"scroll","background-type":"","background-media":"","overlay-type":"","overlay-color":"","overlay-opacity":"","overlay-gradient":""},"tablet":{"background-color":"","background-image":"","background-repeat":"repeat","background-position":"center center","background-size":"auto","background-attachment":"scroll","background-type":"","background-media":"","overlay-type":"","overlay-color":"","overlay-opacity":"","overlay-gradient":""},"mobile":{"background-color":"","background-image":"","background-repeat":"repeat","background-position":"center center","background-size":"auto","background-attachment":"scroll","background-type":"","background-media":"","overlay-type":"","overlay-color":"","overlay-opacity":"","overlay-gradient":""}},"ast-content-background-meta":{"desktop":{"background-color":"var(--ast-global-color-4)","background-image":"","background-repeat":"repeat","background-position":"center center","background-size":"auto","background-attachment":"scroll","background-type":"","background-media":"","overlay-type":"","overlay-color":"","overlay-opacity":"","overlay-gradient":""},"tablet":{"background-color":"var(--ast-global-color-4)","background-image":"","background-repeat":"repeat","background-position":"center center","background-size":"auto","background-attachment":"scroll","background-type":"","background-media":"","overlay-type":"","overlay-color":"","overlay-opacity":"","overlay-gradient":""},"mobile":{"background-color":"var(--ast-global-color-4)","background-image":"","background-repeat":"repeat","background-position":"center center","background-size":"auto","background-attachment":"scroll","background-type":"","background-media":"","overlay-type":"","overlay-color":"","overlay-opacity":"","overlay-gradient":""}}},"product_brand":[32],"product_cat":[31],"product_tag":[72,70,68,77,71,78,79,74],"class_list":{"0":"post-511","1":"product","2":"type-product","3":"status-publish","4":"has-post-thumbnail","6":"product_brand-fits","7":"product_cat-prirodni-dodaci-prehrani","8":"product_tag-biljni-dodaci","9":"product_tag-dodaci-prehrani","10":"product_tag-kurkuma","11":"product_tag-kurkuma-tablete","12":"product_tag-prirodni-dodaci","13":"product_tag-turmeric","14":"product_tag-turmeric-tablete","15":"product_tag-wellness","16":"desktop-align-left","17":"tablet-align-left","18":"mobile-align-left","20":"first","21":"instock","22":"shipping-taxable","23":"purchasable","24":"product-type-simple"},"_links":{"self":[{"href":"https:\/\/dhyan.shop\/en\/wp-json\/wp\/v2\/product\/511","targetHints":{"allow":["GET"]}}],"collection":[{"href":"https:\/\/dhyan.shop\/en\/wp-json\/wp\/v2\/product"}],"about":[{"href":"https:\/\/dhyan.shop\/en\/wp-json\/wp\/v2\/types\/product"}],"replies":[{"embeddable":true,"href":"https:\/\/dhyan.shop\/en\/wp-json\/wp\/v2\/comments?post=511"}],"wp:featuredmedia":[{"embeddable":true,"href":"https:\/\/dhyan.shop\/en\/wp-json\/wp\/v2\/media\/532"}],"wp:attachment":[{"href":"https:\/\/dhyan.shop\/en\/wp-json\/wp\/v2\/media?parent=511"}],"wp:term":[{"taxonomy":"product_brand","embeddable":true,"href":"https:\/\/dhyan.shop\/en\/wp-json\/wp\/v2\/product_brand?post=511"},{"taxonomy":"product_cat","embeddable":true,"href":"https:\/\/dhyan.shop\/en\/wp-json\/wp\/v2\/product_cat?post=511"},{"taxonomy":"product_tag","embeddable":true,"href":"https:\/\/dhyan.shop\/en\/wp-json\/wp\/v2\/product_tag?post=511"}],"curies":[{"name":"wp","href":"https:\/\/api.w.org\/{rel}","templated":true}]}}