{"id":543,"date":"2026-03-13T17:16:55","date_gmt":"2026-03-13T16:16:55","guid":{"rendered":"https:\/\/dhyan.shop\/?post_type=product&#038;p=543"},"modified":"2026-04-04T18:42:00","modified_gmt":"2026-04-04T16:42:00","slug":"multani-mitti-glina-100-g-prirodna-maska-za-ciscenje-koze","status":"publish","type":"product","link":"https:\/\/dhyan.shop\/en\/product\/multani-mitti-glina-100-g-prirodna-maska-za-ciscenje-koze\/","title":{"rendered":"Multani Mitti clay 100 g \u2013 a natural skin cleansing mask"},"content":{"rendered":"<p>Multani Mitti, poznata i kao Fuller&#8217;s Earth, prirodna je mineralna glina koja se tradicionalno koristi u njezi ko\u017ee zbog svojih svojstava dubinskog \u010di\u0161\u0107enja.<\/p>\n<p>Ova fina glina poma\u017ee ukloniti vi\u0161ak sebuma, ne\u010disto\u0107e i odumrle stanice ko\u017ee, \u010dime ko\u017ea ostaje svje\u017eija i \u010di\u0161\u0107a. Zbog svoje sposobnosti upijanja masno\u0107e posebno je popularna u njezi masne i problemati\u010dne ko\u017ee.<\/p>\n<p>Multani Mitti \u010desto se koristi kao sastojak prirodnih maski za lice koje poma\u017eu odr\u017eati ko\u017eu \u010distom i uravnote\u017eenom. Redovitom upotrebom mo\u017ee doprinijeti svje\u017eijem i ujedna\u010denijem izgledu ko\u017ee.<\/p>\n<p>Glina se mo\u017ee mije\u0161ati s vodom, hidrolatima ili prirodnim uljima kako bi se dobila pasta pogodna za nano\u0161enje na ko\u017eu.<\/p>\n<p>Kako se koristi:<\/p>\n<p>Face mask<br \/>\nPomije\u0161ati 1\u20132 \u017eli\u010dice gline s vodom ili hidrolatom (npr. ru\u017eina voda) dok se ne dobije glatka pasta. Nanijeti na \u010distu ko\u017eu lica, izbjegavaju\u0107i podru\u010dje oko o\u010diju. Ostaviti da djeluje 10\u201315 minuta, zatim isprati mlakom vodom.<\/p>\n<p>Njega masne ko\u017ee<br \/>\nZa ko\u017eu sklonu ne\u010disto\u0107ama glina se mo\u017ee mije\u0161ati s hidrolatom ili malom koli\u010dinom prirodnog ulja.<\/p>\n<p>Ingredients (INCI)<br \/>\nFuller&#8217;s Earth<\/p>\n<p>Zemlja podrijetla:<br \/>\nIndia<\/p>\n<p>&nbsp;<\/p>","protected":false},"excerpt":{"rendered":"<p>Prirodna Multani Mitti glina, poznata i kao Fuller&#8217;s Earth, tradicionalno se koristi za dubinsko \u010di\u0161\u0107enje ko\u017ee i pripremu prirodnih maski za lice. Posebno je pogodna za masnu i problemati\u010dnu ko\u017eu jer poma\u017ee ukloniti vi\u0161ak sebuma i ne\u010disto\u0107e.<\/p>","protected":false},"featured_media":563,"template":"","meta":{"site-sidebar-layout":"default","site-content-layout":"","ast-site-content-layout":"default","site-content-style":"default","site-sidebar-style":"default","ast-global-header-display":"","ast-banner-title-visibility":"","ast-main-header-display":"","ast-hfb-above-header-display":"","ast-hfb-below-header-display":"","ast-hfb-mobile-header-display":"","site-post-title":"","ast-breadcrumbs-content":"","ast-featured-img":"","footer-sml-layout":"","ast-disable-related-posts":"","theme-transparent-header-meta":"default","adv-header-id-meta":"","stick-header-meta":"","header-above-stick-meta":"","header-main-stick-meta":"","header-below-stick-meta":"","astra-migrate-meta-layouts":"set","ast-page-background-enabled":"default","ast-page-background-meta":{"desktop":{"background-color":"var(--ast-global-color-5)","background-image":"","background-repeat":"repeat","background-position":"center center","background-size":"auto","background-attachment":"scroll","background-type":"","background-media":"","overlay-type":"","overlay-color":"","overlay-opacity":"","overlay-gradient":""},"tablet":{"background-color":"","background-image":"","background-repeat":"repeat","background-position":"center center","background-size":"auto","background-attachment":"scroll","background-type":"","background-media":"","overlay-type":"","overlay-color":"","overlay-opacity":"","overlay-gradient":""},"mobile":{"background-color":"","background-image":"","background-repeat":"repeat","background-position":"center center","background-size":"auto","background-attachment":"scroll","background-type":"","background-media":"","overlay-type":"","overlay-color":"","overlay-opacity":"","overlay-gradient":""}},"ast-content-background-meta":{"desktop":{"background-color":"var(--ast-global-color-4)","background-image":"","background-repeat":"repeat","background-position":"center center","background-size":"auto","background-attachment":"scroll","background-type":"","background-media":"","overlay-type":"","overlay-color":"","overlay-opacity":"","overlay-gradient":""},"tablet":{"background-color":"var(--ast-global-color-4)","background-image":"","background-repeat":"repeat","background-position":"center center","background-size":"auto","background-attachment":"scroll","background-type":"","background-media":"","overlay-type":"","overlay-color":"","overlay-opacity":"","overlay-gradient":""},"mobile":{"background-color":"var(--ast-global-color-4)","background-image":"","background-repeat":"repeat","background-position":"center center","background-size":"auto","background-attachment":"scroll","background-type":"","background-media":"","overlay-type":"","overlay-color":"","overlay-opacity":"","overlay-gradient":""}}},"product_brand":[36],"product_cat":[35,33],"product_tag":[43,44,42,45],"class_list":{"0":"post-543","1":"product","2":"type-product","3":"status-publish","4":"has-post-thumbnail","6":"product_brand-biopark-cosmetics","7":"product_cat-njega-koze","8":"product_cat-prirodna-njega","9":"product_tag-fullers-earth","10":"product_tag-glina-za-lice","11":"product_tag-multani-mitti","12":"product_tag-prirodna-maska-za-lice","13":"desktop-align-left","14":"tablet-align-left","15":"mobile-align-left","17":"first","18":"instock","19":"shipping-taxable","20":"purchasable","21":"product-type-simple"},"_links":{"self":[{"href":"https:\/\/dhyan.shop\/en\/wp-json\/wp\/v2\/product\/543","targetHints":{"allow":["GET"]}}],"collection":[{"href":"https:\/\/dhyan.shop\/en\/wp-json\/wp\/v2\/product"}],"about":[{"href":"https:\/\/dhyan.shop\/en\/wp-json\/wp\/v2\/types\/product"}],"wp:featuredmedia":[{"embeddable":true,"href":"https:\/\/dhyan.shop\/en\/wp-json\/wp\/v2\/media\/563"}],"wp:attachment":[{"href":"https:\/\/dhyan.shop\/en\/wp-json\/wp\/v2\/media?parent=543"}],"wp:term":[{"taxonomy":"product_brand","embeddable":true,"href":"https:\/\/dhyan.shop\/en\/wp-json\/wp\/v2\/product_brand?post=543"},{"taxonomy":"product_cat","embeddable":true,"href":"https:\/\/dhyan.shop\/en\/wp-json\/wp\/v2\/product_cat?post=543"},{"taxonomy":"product_tag","embeddable":true,"href":"https:\/\/dhyan.shop\/en\/wp-json\/wp\/v2\/product_tag?post=543"}],"curies":[{"name":"wp","href":"https:\/\/api.w.org\/{rel}","templated":true}]}}