{"id":550,"date":"2026-03-13T18:03:28","date_gmt":"2026-03-13T17:03:28","guid":{"rendered":"https:\/\/dhyan.shop\/?post_type=product&#038;p=550"},"modified":"2026-04-04T17:30:33","modified_gmt":"2026-04-04T15:30:33","slug":"prirodni-biljni-set-za-njegu-kose-amla-shikakai-i-reetha","status":"publish","type":"product","link":"https:\/\/dhyan.shop\/en\/product\/prirodni-biljni-set-za-njegu-kose-amla-shikakai-i-reetha\/","title":{"rendered":"Natural herbal hair care set \u2013 Amla, Shikakai and Reetha"},"content":{"rendered":"<p>Ovaj prirodni biljni set za njegu kose sadr\u017ei tri tradicionalna biljna praha koji se \u010desto koriste u prirodnoj njezi kose.<br \/>\nKombinacija amla, shikakai i reetha praha popularna je za pripremu prirodnih maski za kosu i prirodno pranje kose bez agresivnih sastojaka.<br \/>\nAmla prah tradicionalno se koristi za njegu vlasi\u0161ta i kose.<br \/>\nShikakai prah poznat je kao blagi biljni \u0161ampon.<br \/>\nReetha prah sadr\u017ei prirodne saponine koji poma\u017eu nje\u017eno o\u010distiti kosu i vlasi\u0161te.<br \/>\nZajedno \u010dine popularnu kombinaciju za prirodnu njegu kose i vlasi\u0161ta.<\/p>\n<p>Sadr\u017eaj seta<br \/>\nAmla prah \u2013 100 g<br \/>\nShikakai prah \u2013 100 g<br \/>\nReetha prah \u2013 100 g<\/p>\n<p>How to use<br \/>\nPomije\u0161ati jednake koli\u010dine amla, shikakai i reetha praha s toplom vodom dok se ne dobije pasta. Ostaviti smjesu da odstoji oko 15 minuta.<br \/>\nNanijeti na kosu i vlasi\u0161te, lagano umasirati i ostaviti da djeluje 20\u201330 minuta. Nakon toga isprati mlakom vodom.<\/p>\n<p>&nbsp;<\/p>","protected":false},"excerpt":{"rendered":"<p>Prirodni biljni set za njegu kose koji kombinira tri tradicionalna praha: amla, shikakai i reetha. Ova kombinacija \u010desto se koristi za prirodno \u010di\u0161\u0107enje kose, njegu vlasi\u0161ta i pripremu biljnih maski za kosu.<\/p>","protected":false},"featured_media":556,"comment_status":"open","ping_status":"closed","template":"","meta":{"site-sidebar-layout":"default","site-content-layout":"","ast-site-content-layout":"default","site-content-style":"default","site-sidebar-style":"default","ast-global-header-display":"","ast-banner-title-visibility":"","ast-main-header-display":"","ast-hfb-above-header-display":"","ast-hfb-below-header-display":"","ast-hfb-mobile-header-display":"","site-post-title":"","ast-breadcrumbs-content":"","ast-featured-img":"","footer-sml-layout":"","ast-disable-related-posts":"","theme-transparent-header-meta":"default","adv-header-id-meta":"","stick-header-meta":"","header-above-stick-meta":"","header-main-stick-meta":"","header-below-stick-meta":"","astra-migrate-meta-layouts":"set","ast-page-background-enabled":"default","ast-page-background-meta":{"desktop":{"background-color":"var(--ast-global-color-5)","background-image":"","background-repeat":"repeat","background-position":"center center","background-size":"auto","background-attachment":"scroll","background-type":"","background-media":"","overlay-type":"","overlay-color":"","overlay-opacity":"","overlay-gradient":""},"tablet":{"background-color":"","background-image":"","background-repeat":"repeat","background-position":"center center","background-size":"auto","background-attachment":"scroll","background-type":"","background-media":"","overlay-type":"","overlay-color":"","overlay-opacity":"","overlay-gradient":""},"mobile":{"background-color":"","background-image":"","background-repeat":"repeat","background-position":"center center","background-size":"auto","background-attachment":"scroll","background-type":"","background-media":"","overlay-type":"","overlay-color":"","overlay-opacity":"","overlay-gradient":""}},"ast-content-background-meta":{"desktop":{"background-color":"var(--ast-global-color-4)","background-image":"","background-repeat":"repeat","background-position":"center center","background-size":"auto","background-attachment":"scroll","background-type":"","background-media":"","overlay-type":"","overlay-color":"","overlay-opacity":"","overlay-gradient":""},"tablet":{"background-color":"var(--ast-global-color-4)","background-image":"","background-repeat":"repeat","background-position":"center center","background-size":"auto","background-attachment":"scroll","background-type":"","background-media":"","overlay-type":"","overlay-color":"","overlay-opacity":"","overlay-gradient":""},"mobile":{"background-color":"var(--ast-global-color-4)","background-image":"","background-repeat":"repeat","background-position":"center center","background-size":"auto","background-attachment":"scroll","background-type":"","background-media":"","overlay-type":"","overlay-color":"","overlay-opacity":"","overlay-gradient":""}}},"product_brand":[36],"product_cat":[34,33],"product_tag":[64,63,40],"class_list":{"0":"post-550","1":"product","2":"type-product","3":"status-publish","4":"has-post-thumbnail","6":"product_brand-biopark-cosmetics","7":"product_cat-njega-kose","8":"product_cat-prirodna-njega","9":"product_tag-ayurvedska-maska-za-kosu","10":"product_tag-biljni-set-za-kosu","11":"product_tag-prirodna-njega-kose","12":"desktop-align-left","13":"tablet-align-left","14":"mobile-align-left","16":"first","17":"instock","18":"shipping-taxable","19":"purchasable","20":"product-type-simple"},"_links":{"self":[{"href":"https:\/\/dhyan.shop\/en\/wp-json\/wp\/v2\/product\/550","targetHints":{"allow":["GET"]}}],"collection":[{"href":"https:\/\/dhyan.shop\/en\/wp-json\/wp\/v2\/product"}],"about":[{"href":"https:\/\/dhyan.shop\/en\/wp-json\/wp\/v2\/types\/product"}],"replies":[{"embeddable":true,"href":"https:\/\/dhyan.shop\/en\/wp-json\/wp\/v2\/comments?post=550"}],"wp:featuredmedia":[{"embeddable":true,"href":"https:\/\/dhyan.shop\/en\/wp-json\/wp\/v2\/media\/556"}],"wp:attachment":[{"href":"https:\/\/dhyan.shop\/en\/wp-json\/wp\/v2\/media?parent=550"}],"wp:term":[{"taxonomy":"product_brand","embeddable":true,"href":"https:\/\/dhyan.shop\/en\/wp-json\/wp\/v2\/product_brand?post=550"},{"taxonomy":"product_cat","embeddable":true,"href":"https:\/\/dhyan.shop\/en\/wp-json\/wp\/v2\/product_cat?post=550"},{"taxonomy":"product_tag","embeddable":true,"href":"https:\/\/dhyan.shop\/en\/wp-json\/wp\/v2\/product_tag?post=550"}],"curies":[{"name":"wp","href":"https:\/\/api.w.org\/{rel}","templated":true}]}}